{"id":171,"date":"2019-12-04T12:57:14","date_gmt":"2019-12-04T12:57:14","guid":{"rendered":"https:\/\/pablotejedazafra.com\/?page_id=171"},"modified":"2024-07-02T13:32:07","modified_gmt":"2024-07-02T11:32:07","slug":"resume","status":"publish","type":"page","link":"https:\/\/pablotejedazafra.com\/en\/resume\/","title":{"rendered":"CV"},"content":{"rendered":"<p><section class=\"fw-main-row\"  >\n\t<div class=\"fw-container\">\n\t\t<div class=\"row\">\n\t\r\n\r\n<div class=\"col-xs-12 col-sm-12\">\r\n    <div id=\"col_inner_c6de7051c22c96a4595c5cad64568844\" class=\"fw-col-inner\" data-paddings=\"0px 0px 0px 0px\">\r\n    \t<p><audio class=\"audio-for-speech\"><\/audio><\/p><div class=\"translate-tooltip-mtz translator-hidden\"><div class=\"header\"><\/div><\/div><h1 style=\"text-align: center; font-size: 3rem;\">Curriculum Vitae<\/h1>\n\t<div class=\"fw-divider-space\" style=\"padding-top: 50px;\"><\/div>\n\t<div class=\"fw-divider-line\"><hr\/><\/div>\n\n\t<\/div>\r\n<\/div>\r\n<\/div>\n\n<div class=\"row\">\n\t\r\n\r\n<div class=\"col-xs-12 col-sm-6\">\r\n    <div id=\"col_inner_c963db795ac67e0d3fa13f175cb0eb93\" class=\"fw-col-inner\" data-paddings=\"0px 0px 0px 0px\">\r\n    \t\n<div class=\"block-title\">\n    <h2>Education<\/h2>\n<\/div>\n\n\n<div id=\"timeline-69e3830b48ad4\" class=\"timeline clearfix\">\n\t\t<div class=\"timeline-item clearfix\">\n        <h5 class=\"item-period\">Oct. 2019 - Jun. 2021<\/h5>\n        <span class=\"item-company\">St. Finian&#039;s Community College (Swords, CO. Dublin, Rep\u00fablica de Irlanda)<\/span>\n        <h4 class=\"item-title\">Leaving Certificate<\/h4>\n        <div class=\"text\">\n        \tBachelor of Science and Technology in Republic of Ireland        <\/div>\n            <\/div>\n\t\t<div class=\"timeline-item clearfix\">\n        <h5 class=\"item-period\">Sept. 2021 - May. 2023<\/h5>\n        <span class=\"item-company\">IES La Guancha (Tenerife)<\/span>\n        <h4 class=\"item-title\">Higher Technician in Audiovisual and Show Business Projects Production<\/h4>\n        <div class=\"text\">\n        \tVocational training in the field of Image and Sound with an internship in Italy through the ERASMUS+ programme.        <\/div>\n            <\/div>\n\t\t<div class=\"timeline-item clearfix\">\n        <h5 class=\"item-period\">Oct. 2023<\/h5>\n        <span class=\"item-company\">ACEPRO<\/span>\n        <h4 class=\"item-title\">Introduction to drone operation<\/h4>\n        <div class=\"text\">\n        \tCourse of 20 teaching hours        <\/div>\n            <\/div>\n\t\t<div class=\"timeline-item clearfix\">\n        <h5 class=\"item-period\">Nov. 2023<\/h5>\n        <span class=\"item-company\">La Orotava City Hall<\/span>\n        <h4 class=\"item-title\">Introduction to 3D Animation<\/h4>\n        <div class=\"text\">\n        \tCourse of 40 teaching hours        <\/div>\n            <\/div>\n\t\t<div class=\"timeline-item clearfix\">\n        <h5 class=\"item-period\">Feb. 2024 - Jul. 2024<\/h5>\n        <span class=\"item-company\">Integrated Centre FP MICROSISTEMAS - ACEPRO<\/span>\n        <h4 class=\"item-title\">Communication and Marketing Management<\/h4>\n        <div class=\"text\">\n        \tCurso de 6 meses        <\/div>\n            <\/div>\n\t\t<div class=\"timeline-item clearfix\">\n        <h5 class=\"item-period\">Sept. 2024 - Jun. 2026<\/h5>\n        <span class=\"item-company\">IES San Juan de la Rambla<\/span>\n        <h4 class=\"item-title\">Higher Vocational Training in Cross-platform application development<\/h4>\n        <div class=\"text\">\n        \tVocational training in the field of Computer Science and Communications to start in September 2024 (2000 hours)        <\/div>\n            <\/div>\n\t<\/div>\n\t<\/div>\r\n<\/div>\r\n\r\n\r\n<div class=\"col-xs-12 col-sm-6\">\r\n    <div id=\"col_inner_e5046c43b19e9d4f1d6ce16928d0899a\" class=\"fw-col-inner\" data-paddings=\"0px 0px 0px 0px\">\r\n    \t\n<div class=\"block-title\">\n    <h2>Experience<\/h2>\n<\/div>\n\n\n<div id=\"timeline-69e3830b48d65\" class=\"timeline clearfix\">\n\t\t<div class=\"timeline-item clearfix\">\n        <h5 class=\"item-period current\">May. 2019 - Present<\/h5>\n        <span class=\"item-company\">CEA Digital Law<\/span>\n        <h4 class=\"item-title\">Content Editor<\/h4>\n        <div class=\"text\">\n        \tAdobe Premiere Pro - Graphic design - After Effects - Graphic animation - Video editing - Social media - WordPress page editing - Mailchimp        <\/div>\n            <\/div>\n\t\t<div class=\"timeline-item clearfix\">\n        <h5 class=\"item-period\">Jun. 2022<\/h5>\n        <span class=\"item-company\">Expo F\u00f3rum Audiovisual de Tenerife<\/span>\n        <h4 class=\"item-title\">Camera operator<\/h4>\n        <div class=\"text\">\n        \tCamera operation - Camera - On-camera - On-camera interviews        <\/div>\n            <\/div>\n\t\t<div class=\"timeline-item clearfix\">\n        <h5 class=\"item-period\">Mar. 2023 - May 2023<\/h5>\n        <span class=\"item-company\">Impressione - studiocreativo (Italia)<\/span>\n        <h4 class=\"item-title\">Filmmaker<\/h4>\n        <div class=\"text\">\n        \tERASMUS+ Internship ---\n\nGraphic Animation - Camera - Video Editing - Capture One - Final Cut Pro - Affinity Photo - Adobe Photoshop - Mac - Content Editing - Image Editing - Audio Editing        <\/div>\n            <\/div>\n\t\t<div class=\"timeline-item clearfix\">\n        <h5 class=\"item-period\">Jan. 2023<\/h5>\n        <span class=\"item-company\">AROTOK Productions<\/span>\n        <h4 class=\"item-title\">Camera, Editor and Colourist<\/h4>\n        <div class=\"text\">\n        \tCamera, Editor and Colourist for AROTOK Productions for the making of a short film (winner of the 1st place \"Mostrando Vidas\" of Factor\u00eda Social.        <\/div>\n            <\/div>\n\t\t<div class=\"timeline-item clearfix\">\n        <h5 class=\"item-period current\">Nov. 2023 - Present<\/h5>\n        <span class=\"item-company\">pablotejedaz<\/span>\n        <h4 class=\"item-title\">Digital content creator and Social Media Manager<\/h4>\n        <div class=\"text\">\n        \tManagement, Administration and Publication on Social Networks of my own account with more than 100,000 followers on Instagram where I upload tutorials on all types of editing in which I use programs such as Blender, Premiere Pro, Photoshop, Illustrator and After Effects, among others.        <\/div>\n            <\/div>\n\t<\/div>\n\t<\/div>\r\n<\/div>\r\n<\/div>\n\n<div class=\"row\">\n\t\r\n\r\n<div class=\"col-xs-12 col-sm-12\">\r\n    <div id=\"col_inner_7efa1d6a3a831b6e900bde5f116a3c77\" class=\"fw-col-inner\" data-paddings=\"0px 0px 0px 0px\">\r\n    \t<div id=\"info-list-69e3830b49065\" class=\"info-list\">\n\t\n\t<ul class=\"fw-info-list info-list\">\n\t  \t\t<\/ul>\n<\/div>\n\n\t<div class=\"fw-divider-space\" style=\"padding-top: 20px;\"><\/div>\n\n<div class=\"block-title\">\n    <h2>Certificates<\/h2>\n<\/div>\n\t<\/div>\r\n<\/div>\r\n<\/div>\n\n<div class=\"row\">\n\t\r\n\r\n<div class=\"col-xs-12 col-sm-6\">\r\n    <div id=\"col_inner_c62f8085404399e3c77be1f4a2121831\" class=\"fw-col-inner\" data-paddings=\"0px 0px 0px 0px\">\r\n    \t\n<a href=\"\/\/pablotejedazafra.com\/wp-content\/uploads\/2019\/11\/1.jpg\" class=\"lightbox\">\n<div class=\"certificate-item clearfix\">\n    <div class=\"certi-logo\">\n                <img decoding=\"async\" src=\"\/\/pablotejedazafra.com\/wp-content\/uploads\/2024\/03\/descarga.png\" alt=\"logo\">\n            <\/div>\n    <div class=\"certi-content\">\n        <div class=\"certi-title\">\n            <h4>English B2<\/h4>\n        <\/div>\n        <div class=\"certi-id\">\n            <span>Official Language School<\/span>\n        <\/div>\n        <div class=\"certi-date\">\n            <span>February 2023<\/span>\n        <\/div>\n        <div class=\"certi-company\">\n            <span><\/span>\n        <\/div>\n    <\/div>\n<\/div>\n<\/a>\n\t<\/div>\r\n<\/div>\r\n\r\n\r\n<div class=\"col-xs-12 col-sm-6\">\r\n    <div id=\"col_inner_37c956882281a6959a74bb1484c505ce\" class=\"fw-col-inner\" data-paddings=\"0px 0px 0px 0px\">\r\n    \t\n<a href=\"\/\/pablotejedazafra.com\/wp-content\/uploads\/2019\/11\/1.jpg\" class=\"lightbox\">\n<div class=\"certificate-item clearfix\">\n    <div class=\"certi-logo\">\n                <img decoding=\"async\" src=\"\/\/pablotejedazafra.com\/wp-content\/uploads\/2024\/03\/descarga-1.png\" alt=\"logo\">\n            <\/div>\n    <div class=\"certi-content\">\n        <div class=\"certi-title\">\n            <h4>English C1<\/h4>\n        <\/div>\n        <div class=\"certi-id\">\n            <span>Official Language School<\/span>\n        <\/div>\n        <div class=\"certi-date\">\n            <span>June 2023<\/span>\n        <\/div>\n        <div class=\"certi-company\">\n            <span><\/span>\n        <\/div>\n    <\/div>\n<\/div>\n<\/a>\n\t<\/div>\r\n<\/div>\r\n<\/div>\n\n<div class=\"row\">\n\t\r\n\r\n<div class=\"col-xs-12 col-sm-12\">\r\n    <div id=\"col_inner_f72d1ecce355e50c601f1c2621706588\" class=\"fw-col-inner\" data-paddings=\"0px 0px 0px 0px\">\r\n    \t\n\t<div class=\"fw-divider-space\" style=\"padding-top: 40px;\"><\/div>\n\t<\/div>\r\n<\/div>\r\n<\/div>\n\n<div class=\"row\">\n\t\r\n\r\n<div class=\"col-xs-12 col-sm-6\">\r\n    <div id=\"col_inner_796332a970e05ad435677b3cb493b49a\" class=\"fw-col-inner\" data-paddings=\"0px 0px 0px 0px\">\r\n    \t\n<div class=\"block-title\">\n    <h2>Projects<\/h2>\n<\/div>\n\n\n<div id=\"timeline-69e3830b49959\" class=\"timeline clearfix\">\n\t\t<div class=\"timeline-item clearfix\">\n        <h5 class=\"item-period\">Nov. 2021<\/h5>\n        <span class=\"item-company\">IES La Guancha<\/span>\n        <h4 class=\"item-title\">Advertising Spot - \"25N: Elimination of Violence Against Women\".<\/h4>\n        <div class=\"text\">\n        \tCamera operator in an advertising spot for the town hall of Icod de los Vinos (Tenerife).        <\/div>\n            <\/div>\n\t\t<div class=\"timeline-item clearfix\">\n        <h5 class=\"item-period\">Apr. 2022<\/h5>\n        <span class=\"item-company\">CineDFest<\/span>\n        <h4 class=\"item-title\">Short film \"Vida\" - With the participation of Jos\u00e9 Luis de Madariaga<\/h4>\n        <div class=\"text\">\n        \t        <\/div>\n            <\/div>\n\t\t<div class=\"timeline-item clearfix\">\n        <h5 class=\"item-period\">Oct. 2022<\/h5>\n        <span class=\"item-company\">CineDFest<\/span>\n        <h4 class=\"item-title\">Advertising Spot - \"Participate in CineDFest\".<\/h4>\n        <div class=\"text\">\n        \tSound Recording for an advertising spot made for CineDFest        <\/div>\n            <\/div>\n\t\t<div class=\"timeline-item clearfix\">\n        <h5 class=\"item-period\">Jan. 2023<\/h5>\n        <span class=\"item-company\">AROTOK Productions<\/span>\n        <h4 class=\"item-title\">Short film - \"El Regalo\" - 1st prize in the festival Mostrando Vidas - Factor\u00eda Social<\/h4>\n        <div class=\"text\">\n        \tCamera, Editor and Colourist        <\/div>\n            <\/div>\n\t\t<div class=\"timeline-item clearfix\">\n        <h5 class=\"item-period\">Feb. 2023<\/h5>\n        <span class=\"item-company\">CineDFest<\/span>\n        <h4 class=\"item-title\">Short film - \"Culpable\".<\/h4>\n        <div class=\"text\">\n        \tCamera, editor and colourist        <\/div>\n            <\/div>\n\t<\/div>\n\t<\/div>\r\n<\/div>\r\n\r\n\r\n<div class=\"col-xs-12 col-sm-6\">\r\n    <div id=\"col_inner_0114d1c01f29d709d04fc0ab59c54025\" class=\"fw-col-inner\" data-paddings=\"0px 0px 0px 0px\">\r\n    \t\n<div class=\"block-title\">\n    <h2>Knowledge and Skills<\/h2>\n<\/div>\n\n\n<div id=\"timeline-69e3830b49b85\" class=\"timeline clearfix\">\n\t\t<div class=\"timeline-item clearfix\">\n        <h5 class=\"item-period\">Video Editing<\/h5>\n        <span class=\"item-company\"><\/span>\n        <h4 class=\"item-title\">Adobe Premiere Pro \u00b7 Final Cut Pro \u00b7 Sony Vegas<\/h4>\n        <div class=\"text\">\n        \t        <\/div>\n            <\/div>\n\t\t<div class=\"timeline-item clearfix\">\n        <h5 class=\"item-period\">Image Editing<\/h5>\n        <span class=\"item-company\"><\/span>\n        <h4 class=\"item-title\">Adobe Photoshop \u00b7 Capture One \u00b7 Affinity Photo<\/h4>\n        <div class=\"text\">\n        \t        <\/div>\n            <\/div>\n\t\t<div class=\"timeline-item clearfix\">\n        <h5 class=\"item-period\">Colour Correction<\/h5>\n        <span class=\"item-company\"><\/span>\n        <h4 class=\"item-title\">Adobe Premiere Pro \u00b7 Final Cut Pro<\/h4>\n        <div class=\"text\">\n        \t        <\/div>\n            <\/div>\n\t\t<div class=\"timeline-item clearfix\">\n        <h5 class=\"item-period\">Camera<\/h5>\n        <span class=\"item-company\"><\/span>\n        <h4 class=\"item-title\">Live Camera Operator - Camera in Short Films<\/h4>\n        <div class=\"text\">\n        \t        <\/div>\n            <\/div>\n\t\t<div class=\"timeline-item clearfix\">\n        <h5 class=\"item-period\">Marketing<\/h5>\n        <span class=\"item-company\"><\/span>\n        <h4 class=\"item-title\">Business English - Market analysis - Product marketing - Event management - Document drafting - Marketing strategy - Social media marketing - Marketing of products and services - Marketing strategy - Social media marketing<\/h4>\n        <div class=\"text\">\n        \t        <\/div>\n            <\/div>\n\t\t<div class=\"timeline-item clearfix\">\n        <h5 class=\"item-period\">Drone Piloting<\/h5>\n        <span class=\"item-company\"><\/span>\n        <h4 class=\"item-title\">DJI Mini Drones<\/h4>\n        <div class=\"text\">\n        \t        <\/div>\n            <\/div>\n\t<\/div>\n\t<\/div>\r\n<\/div>\r\n<\/div>\n\n\t<\/div>\n<\/section>\n<section class=\"fw-main-row\"  >\n\t<div class=\"fw-container\">\n\t\t<div class=\"row\">\n\t\r\n\r\n<div class=\"col-xs-12 col-sm-12\">\r\n    <div id=\"col_inner_97d2fee84e623975b8ff824358552dc7\" class=\"fw-col-inner\" data-paddings=\"0px 0px 0px 0px\">\r\n    \t\n<div class=\"block-title\">\n    <h2>Languages<\/h2>\n<\/div>\n\t<\/div>\r\n<\/div>\r\n<\/div>\n\n<div class=\"row\">\n\t\r\n\r\n<div class=\"col-xs-12 col-sm-4\">\r\n    <div id=\"col_inner_5fb60b704926d3aa3991b3f19947a21d\" class=\"fw-col-inner\" data-paddings=\"0px 0px 0px 0px\">\r\n    \t\n<div class=\"certificate-item clearfix\">\n    <div class=\"certi-logo\">\n                <img decoding=\"async\" src=\"\/\/pablotejedazafra.com\/wp-content\/uploads\/2024\/03\/Bandera_de_Espana.svg_.png\" alt=\"logo\">\n            <\/div>\n    <div class=\"certi-content\">\n        <div class=\"certi-title\">\n            <h4>Spanish<\/h4>\n        <\/div>\n        <div class=\"certi-id\">\n            <span>Native<\/span>\n        <\/div>\n        <div class=\"certi-date\">\n            <span><\/span>\n        <\/div>\n        <div class=\"certi-company\">\n            <span><\/span>\n        <\/div>\n    <\/div>\n<\/div>\n\t<\/div>\r\n<\/div>\r\n\r\n\r\n<div class=\"col-xs-12 col-sm-4\">\r\n    <div id=\"col_inner_fa206edadc1ea2735eda019d1366794c\" class=\"fw-col-inner\" data-paddings=\"0px 0px 0px 0px\">\r\n    \t\n<div class=\"certificate-item clearfix\">\n    <div class=\"certi-logo\">\n                <img decoding=\"async\" src=\"\/\/pablotejedazafra.com\/wp-content\/uploads\/2024\/03\/Bandera-de-Reino-Unido.png\" alt=\"logo\">\n            <\/div>\n    <div class=\"certi-content\">\n        <div class=\"certi-title\">\n            <h4>English<\/h4>\n        <\/div>\n        <div class=\"certi-id\">\n            <span>Professional<\/span>\n        <\/div>\n        <div class=\"certi-date\">\n            <span><\/span>\n        <\/div>\n        <div class=\"certi-company\">\n            <span><\/span>\n        <\/div>\n    <\/div>\n<\/div>\n\t<\/div>\r\n<\/div>\r\n\r\n\r\n<div class=\"col-xs-12 col-sm-4\">\r\n    <div id=\"col_inner_67c32c5e739203048208aa0b2dc81c76\" class=\"fw-col-inner\" data-paddings=\"0px 0px 0px 0px\">\r\n    \t\n<div class=\"certificate-item clearfix\">\n    <div class=\"certi-logo\">\n                <img decoding=\"async\" src=\"\/\/pablotejedazafra.com\/wp-content\/uploads\/2024\/03\/vectorial-illustration-of-the-flag-of-portugal-free-vector.jpg\" alt=\"logo\">\n            <\/div>\n    <div class=\"certi-content\">\n        <div class=\"certi-title\">\n            <h4>Portuguese<\/h4>\n        <\/div>\n        <div class=\"certi-id\">\n            <span>Basic<\/span>\n        <\/div>\n        <div class=\"certi-date\">\n            <span><\/span>\n        <\/div>\n        <div class=\"certi-company\">\n            <span><\/span>\n        <\/div>\n    <\/div>\n<\/div>\n\t<\/div>\r\n<\/div>\r\n<\/div>\n\n\t<\/div>\n<\/section>\n<section class=\"fw-main-row\"  >\n\t<div class=\"fw-container\">\n\t\t<div class=\"row\">\n\t\r\n\r\n<div class=\"col-xs-12 col-sm-12\">\r\n    <div id=\"col_inner_97d2fee84e623975b8ff824358552dc7\" class=\"fw-col-inner\" data-paddings=\"0px 0px 0px 0px\">\r\n    \t\n\t<div class=\"fw-divider-space\" style=\"padding-top: 40px;\"><\/div>\n\t<\/div>\r\n<\/div>\r\n<\/div>\n\n\t<\/div>\n<\/section>\n<section class=\"fw-main-row\"  >\n\t<div class=\"fw-container\">\n\t\t<div class=\"row\">\n\t\r\n\r\n<div class=\"col-xs-12 col-sm-12\">\r\n    <div id=\"col_inner_97d2fee84e623975b8ff824358552dc7\" class=\"fw-col-inner\" data-paddings=\"0px 0px 0px 0px\">\r\n    \t\n<div class=\"block-title\">\n    <h2>Acknowledgements and Awards<\/h2>\n<\/div>\n\t<\/div>\r\n<\/div>\r\n<\/div>\n\n<div class=\"row\">\n\t\r\n\r\n<div class=\"col-xs-12 col-sm-6\">\r\n    <div id=\"col_inner_07d0cd1e7d62d23bb9ae1ff157e47b01\" class=\"fw-col-inner\" data-paddings=\"0px 0px 0px 0px\">\r\n    \t\n<div class=\"certificate-item clearfix\">\n    <div class=\"certi-logo\">\n                <img decoding=\"async\" src=\"\/\/pablotejedazafra.com\/wp-content\/uploads\/2024\/03\/Erasmus_logo.jpg\" alt=\"logo\">\n            <\/div>\n    <div class=\"certi-content\">\n        <div class=\"certi-title\">\n            <h4>ERASMUS+ Programme<\/h4>\n        <\/div>\n        <div class=\"certi-id\">\n            <span>22 May 2023<\/span>\n        <\/div>\n        <div class=\"certi-date\">\n            <span>ERASMUS+ internships in Italy successfully completed<\/span>\n        <\/div>\n        <div class=\"certi-company\">\n            <span><\/span>\n        <\/div>\n    <\/div>\n<\/div>\n\t<\/div>\r\n<\/div>\r\n\r\n\r\n<div class=\"col-xs-12 col-sm-6\">\r\n    <div id=\"col_inner_67bdcbdc6ed65652b9a70cb8d461e4ab\" class=\"fw-col-inner\" data-paddings=\"0px 0px 0px 0px\">\r\n    \t\n<div class=\"certificate-item clearfix\">\n    <div class=\"certi-logo\">\n                <img decoding=\"async\" src=\"\/\/pablotejedazafra.com\/wp-content\/uploads\/2024\/03\/factoria-social-logo.png\" alt=\"logo\">\n            <\/div>\n    <div class=\"certi-content\">\n        <div class=\"certi-title\">\n            <h4> 1st Prize for Amateur Short Films \"Mostrando Vidas\".<\/h4>\n        <\/div>\n        <div class=\"certi-id\">\n            <span>30 June 2023<\/span>\n        <\/div>\n        <div class=\"certi-date\">\n            <span>Winning short film of the \"Showing lives\" festival of Factor\u00eda Social<\/span>\n        <\/div>\n        <div class=\"certi-company\">\n            <span><\/span>\n        <\/div>\n    <\/div>\n<\/div>\n\t<\/div>\r\n<\/div>\r\n<\/div>\n\n\t<\/div>\n<\/section>\n<\/p>","protected":false},"excerpt":{"rendered":"<p>Curriculum Vitae Educaci\u00f3n Oct. 2019 &#8211; Jun. 2021 St. Finian&#039;s Community College (Swords, CO. Dublin, Rep\u00fablica de Irlanda) Leaving Certificate Bachillerato Ciencias y Tecnolog\u00eda en Rep\u00fablica de Irlanda Sept. 2021 &#8211; May. 2023 IES La Guancha (Tenerife) T\u00e9cnico Superior de Realizaci\u00f3n de Proyectos Audiovisuales y Espect\u00e1culos Formaci\u00f3n Profesional de la rama Imagen y Sonido con&#8230;<\/p>\n<p><a class=\"read-more\" href=\"https:\/\/pablotejedazafra.com\/en\/resume\/\">Read More<\/a><\/p>","protected":false},"author":1,"featured_media":0,"parent":0,"menu_order":0,"comment_status":"closed","ping_status":"closed","template":"","meta":{"footnotes":""},"class_list":["post-171","page","type-page","status-publish","hentry"],"_links":{"self":[{"href":"https:\/\/pablotejedazafra.com\/en\/wp-json\/wp\/v2\/pages\/171","targetHints":{"allow":["GET"]}}],"collection":[{"href":"https:\/\/pablotejedazafra.com\/en\/wp-json\/wp\/v2\/pages"}],"about":[{"href":"https:\/\/pablotejedazafra.com\/en\/wp-json\/wp\/v2\/types\/page"}],"author":[{"embeddable":true,"href":"https:\/\/pablotejedazafra.com\/en\/wp-json\/wp\/v2\/users\/1"}],"replies":[{"embeddable":true,"href":"https:\/\/pablotejedazafra.com\/en\/wp-json\/wp\/v2\/comments?post=171"}],"version-history":[{"count":0,"href":"https:\/\/pablotejedazafra.com\/en\/wp-json\/wp\/v2\/pages\/171\/revisions"}],"wp:attachment":[{"href":"https:\/\/pablotejedazafra.com\/en\/wp-json\/wp\/v2\/media?parent=171"}],"curies":[{"name":"wp","href":"https:\/\/api.w.org\/{rel}","templated":true}]}}