{"id":157,"date":"2019-12-04T11:11:48","date_gmt":"2019-12-04T11:11:48","guid":{"rendered":"https:\/\/pablotejedazafra.com\/?page_id=157"},"modified":"2024-09-19T13:50:57","modified_gmt":"2024-09-19T11:50:57","slug":"about-me","status":"publish","type":"page","link":"https:\/\/pablotejedazafra.com\/en\/","title":{"rendered":"About me"},"content":{"rendered":"<p><section class=\"fw-main-row\"  >\n\t<div class=\"fw-container\">\n\t\t<div class=\"row\">\n\t\r\n\r\n<div class=\"col-xs-12 col-sm-12\">\r\n    <div id=\"col_inner_877489360620b3037fc9b064f63a7372\" class=\"fw-col-inner\" data-paddings=\"0px 0px 0px 0px\">\r\n    \t\n<div id=\"home_content_954218bfd87cb3b458721f4a70135965\" class=\"home-content\">\n    <div class=\"row flex-v-align\">\n        <div class=\"col-sm-12 col-md-5 col-lg-5\">\n            <div class=\"home-photo\">\n                <div class=\"hp-inner\"><\/div>\n            <\/div>\n        <\/div>\n\n        <div class=\"col-sm-12 col-md-7 col-lg-7\">\n            <div class=\"home-text hp-left\">\n                                <div class=\"owl-carousel text-rotation\">                                    \n                                            <div class=\"item\">\n                            <h4>Video Editor<\/h4>\n                        <\/div>\n                                            <div class=\"item\">\n                            <h4>Digital Content Creator<\/h4>\n                        <\/div>\n                                            <div class=\"item\">\n                            <h4>Social Media Manager<\/h4>\n                        <\/div>\n                                            <div class=\"item\">\n                            <h4>Camera Operator<\/h4>\n                        <\/div>\n                                    <\/div>\n                                <h1>Pablo Tejeda Zafra<\/h1>\n                <p>Experienced, committed and very competent video editor. With a lot of experience in the audiovisual world, helping to make and edit videos for big companies. I have my own channel with 100k followers. I can bring my experience as a video editor, regidor, edit images or advise in the audiovisual field.<\/p>\n                                   <div class=\"home-buttons\">\n                                            <a href=\"https:\/\/drive.google.com\/file\/d\/1pzkpMvDmEtriRxD2IXjhIbK1KNTPvzqj\/view?usp=sharing\" target=\"_blank\" id=\"cbb1041ab22618ad9f49aca4fe3e2368\" class=\"btn btn-primary\">CV Espa\u00f1ol<\/a>\n                                            <a href=\"https:\/\/drive.google.com\/file\/d\/1sOh6agis7ADpvR-zZacRFVpABM4baUh0\/view?usp=sharing\" target=\"_blank\" id=\"1d9b008193fb96927dcc7fb2be405711\" class=\"btn btn-secondary\">English CV<\/a>\n                                            <a href=\"https:\/\/vimeo.com\/831895534\" target=\"_blank\" id=\"0a60fd29bfe3345597b7ea680d4f1670\" class=\"btn btn-secondary\">Ver Showreel<\/a>\n                                            <a href=\"\/en\/contact\/\" target=\"_self\" id=\"8e97464f5302c021d1bad25a63ddd687\" class=\"btn btn-primary\">Contact<\/a>\n                                        <\/div>\n                                <\/div>\n        <\/div>\n    <\/div>\n<\/div>\n\n\t<div class=\"fw-divider-space\" style=\"padding-top: 50px;\"><\/div>\n\t<\/div>\r\n<\/div>\r\n<\/div>\n\n<div class=\"row\">\n\t\r\n\r\n<div class=\"col-xs-12 col-sm-12\">\r\n    <div id=\"col_inner_c2094ed9c996102f2ef70b6125c4fbf5\" class=\"fw-col-inner\" data-paddings=\"0px 0px 0px 0px\">\r\n    \t\n<div class=\"block-title\">\n    <h2>What I do<\/h2>\n<\/div>\n\t<\/div>\r\n<\/div>\r\n<\/div>\n\n<div class=\"row\">\n\t\r\n\r\n<div class=\"col-xs-12 col-sm-6\">\r\n    <div id=\"col_inner_3fa94961ec32117c71b91b80d4565769\" class=\"fw-col-inner\" data-paddings=\"0px 0px 0px 0px\">\r\n    \t\n<div id=\"info-list-69e370f2d3fbb\" class=\"info-list-w-icon\">\n\t\n\t\t\t<div class=\"info-block-w-icon\">\n\t\t    <div class=\"ci-icon\">\n\t\t        \t\t        \t                        <i class=\"linecons linecons-camera\"><\/i>\n\t\t                \t\t    <\/div>\n\t\t    <div class=\"ci-text\">\n\t\t        <h4>Recording<\/h4>\n\t\t        \t\t        <p>Recording of short films, own videos and others.<\/p>\n\t\t        \t\t    <\/div>\n\t\t<\/div>\n\t\t\t<div class=\"info-block-w-icon\">\n\t\t    <div class=\"ci-icon\">\n\t\t        \t\t        \t                        <i class=\"linecons linecons-display\"><\/i>\n\t\t                \t\t    <\/div>\n\t\t    <div class=\"ci-text\">\n\t\t        <h4>Content Creation<\/h4>\n\t\t        \t\t        <p>I create and edit my own content for my social networks.\nI also edit all kinds of videos, logos and even flyers. <\/p>\n\t\t        \t\t    <\/div>\n\t\t<\/div>\n\t<\/div>\n\t<\/div>\r\n<\/div>\r\n\r\n\r\n<div class=\"col-xs-12 col-sm-6\">\r\n    <div id=\"col_inner_931ccceee4bc772acc2735fc06fc1c62\" class=\"fw-col-inner\" data-paddings=\"0px 0px 0px 0px\">\r\n    \t\n<div id=\"info-list-69e370f2d41a1\" class=\"info-list-w-icon\">\n\t\n\t\t\t<div class=\"info-block-w-icon\">\n\t\t    <div class=\"ci-icon\">\n\t\t        \t\t        \t                        <i class=\"linecons linecons-display\"><\/i>\n\t\t                \t\t    <\/div>\n\t\t    <div class=\"ci-text\">\n\t\t        <h4>Postproduction<\/h4>\n\t\t        \t\t        <p>I create and\/or add effects with programmes such as After Effects.<\/p>\n\t\t        \t\t    <\/div>\n\t\t<\/div>\n\t\t\t<div class=\"info-block-w-icon\">\n\t\t    <div class=\"ci-icon\">\n\t\t        \t\t        \t                        <i class=\"linecons linecons-world\"><\/i>\n\t\t                \t\t    <\/div>\n\t\t    <div class=\"ci-text\">\n\t\t        <h4>Pages with WordPress<\/h4>\n\t\t        \t\t        <p>Create and edit basic WordPress pages<\/p>\n\t\t        \t\t    <\/div>\n\t\t<\/div>\n\t<\/div>\n\t<\/div>\r\n<\/div>\r\n<\/div>\n\n\t<\/div>\n<\/section>\n<section class=\"fw-main-row\"  >\n\t<div class=\"fw-container\">\n\t\t<div class=\"row\">\n\t\r\n\r\n<div class=\"col-xs-12 col-sm-4\">\r\n    <div id=\"col_inner_f2c81bbe3b740473ed3b1ca1272184c2\" class=\"fw-col-inner\" data-paddings=\"0px 0px 0px 0px\">\r\n    \t\n\t<\/div>\r\n<\/div>\r\n\r\n\r\n<div class=\"col-xs-12 col-sm-4\">\r\n    <div id=\"col_inner_b1ff2bc1f366c18fd80ab36542f630dc\" class=\"fw-col-inner\" data-paddings=\"0px 0px 0px 120px\">\r\n    \t<a href=\"https:\/\/pablotejedazafra.com\/en\/resume\/\" target=\"_self\" id=\"button_6513b9dcb2726162a57aacf78e4569f7\" class=\"btn btn-primary\" data-mtop=\"0\" data-mbottom=\"0\">Resume<\/a>\t<\/div>\r\n<\/div>\r\n\r\n\r\n<div class=\"col-xs-12 col-sm-4\">\r\n    <div id=\"col_inner_5eccc11358a6d2a2cfe224befc3fe207\" class=\"fw-col-inner\" data-paddings=\"0px 0px 0px 0px\">\r\n    \t\n\t<\/div>\r\n<\/div>\r\n<\/div>\n\n\t<\/div>\n<\/section>\n<section class=\"fw-main-row\"  >\n\t<div class=\"fw-container\">\n\t\t<div class=\"row\">\n\t\r\n\r\n<div class=\"col-xs-12 col-sm-12\">\r\n    <div id=\"col_inner_9d1cf891d885bb0c8dd63b044d74004f\" class=\"fw-col-inner\" data-paddings=\"0px 0px 0px 0px\">\r\n    \t\n\t<div class=\"fw-divider-space\" style=\"padding-top: 25px;\"><\/div>\n\t<\/div>\r\n<\/div>\r\n<\/div>\n\n\t<\/div>\n<\/section>\n<section class=\"fw-main-row\"  >\n\t<div class=\"fw-container\">\n\t\t<div class=\"row\">\n\t\r\n\r\n<div class=\"col-xs-12 col-sm-12 clientSliders\">\r\n    <div id=\"col_inner_8e50640a89c4dc9ca76f334fe225fa74\" class=\"fw-col-inner\" data-paddings=\"0px 0px 0px 0px\">\r\n    \t\n\t<div class=\"fw-divider-space\" style=\"padding-top: 20px;\"><\/div>\n\n<div class=\"block-title\">\n    <h2>Clients<\/h2>\n<\/div>\n\n<div class=\"owl-carousel portfolio-page-carousel\">\n                        <img decoding=\"async\" src=\"\/\/pablotejedazafra.com\/wp-content\/uploads\/2024\/04\/slide-1.png\" alt=\"\">\n                                    <img decoding=\"async\" src=\"\/\/pablotejedazafra.com\/wp-content\/uploads\/2024\/04\/slide-2.png\" alt=\"\">\n                <\/div>\n\n\t<div class=\"fw-divider-space\" style=\"padding-top: 20px;\"><\/div>\n\t<\/div>\r\n<\/div>\r\n<\/div>\n\n\t<\/div>\n<\/section>\n<section class=\"fw-main-row\"  >\n\t<div class=\"fw-container\">\n\t\t<div class=\"row\">\n\t\r\n\r\n<div class=\"col-xs-12 col-sm-12\">\r\n    <div id=\"col_inner_9dd25a8d5ac862d804c3eeec5ca1e3a1\" class=\"fw-col-inner\" data-paddings=\"0px 0px 0px 0px\">\r\n    \t\n<div class=\"block-title\">\n    <h2>Facts<\/h2>\n<\/div>\n\t<\/div>\r\n<\/div>\r\n<\/div>\n\n\t<\/div>\n<\/section>\n<section class=\"fw-main-row\"  >\n\t<div class=\"fw-container\">\n\t\t<div class=\"row\">\n\t\r\n\r\n<div class=\"col-xs-12 col-sm-3\">\r\n    <div id=\"col_inner_831ae7ae8f7189a8a47ec09caf7501f4\" class=\"fw-col-inner\" data-paddings=\"0px 0px 0px 0px\">\r\n    \t\n<div class=\"lm-info-block gray-default\">\n                        <i class=\"linecons linecons-world\"><\/i>\n                <h4>Present in Countries<\/h4>\n    <span class=\"lm-info-block-value\">4<\/span>\n    <span class=\"lm-info-block-text\"><\/span>\n<\/div>\n\t<\/div>\r\n<\/div>\r\n\r\n\r\n<div class=\"col-xs-12 col-sm-3\">\r\n    <div id=\"col_inner_a719203952a1d6b1e4e8878645682d3c\" class=\"fw-col-inner\" data-paddings=\"0px 0px 0px 0px\">\r\n    \t\n<div class=\"lm-info-block gray-default\">\n                        <i class=\"linecons linecons-phone\"><\/i>\n                <h4>Followers<\/h4>\n    <span class=\"lm-info-block-value\">100 000<\/span>\n    <span class=\"lm-info-block-text\"><\/span>\n<\/div>\n\t<\/div>\r\n<\/div>\r\n\r\n\r\n<div class=\"col-xs-12 col-sm-3\">\r\n    <div id=\"col_inner_6d4fcdd7dc42e01531a70050562e10e6\" class=\"fw-col-inner\" data-paddings=\"0px 0px 0px 0px\">\r\n    \t\n<div class=\"lm-info-block gray-default\">\n                        <i class=\"linecons linecons-star\"><\/i>\n                <h4>Awards<\/h4>\n    <span class=\"lm-info-block-value\">2<\/span>\n    <span class=\"lm-info-block-text\"><\/span>\n<\/div>\n\t<\/div>\r\n<\/div>\r\n\r\n\r\n<div class=\"col-xs-12 col-sm-3\">\r\n    <div id=\"col_inner_7f8682d39c5ba46b284a08d3db46c5f6\" class=\"fw-col-inner\" data-paddings=\"0px 0px 0px 0px\">\r\n    \t\n<div class=\"lm-info-block gray-default\">\n                        <i class=\"linecons linecons-pen\"><\/i>\n                <h4>General experience<\/h4>\n    <span class=\"lm-info-block-value\">8 a\u00f1os<\/span>\n    <span class=\"lm-info-block-text\"><\/span>\n<\/div>\n\t<\/div>\r\n<\/div>\r\n<\/div>\n\n\t<\/div>\n<\/section>\n<\/p>","protected":false},"excerpt":{"rendered":"<p>Editor de V\u00eddeo Digital Content Creator Gestor de Redes Sociales Operador de C\u00e1mara Pablo Tejeda Zafra Editor de v\u00eddeo experimentado, comprometido y muy competente. Con bastante experiencia en el mundo audiovisual, ayudando a realizar y montar videos para grandes empresas. Tengo mi propio canal con 100k seguidores. Puedo aportar mi experiencia como editor de video,&#8230;<\/p>\n<p><a class=\"read-more\" href=\"https:\/\/pablotejedazafra.com\/en\/\">Read More<\/a><\/p>","protected":false},"author":1,"featured_media":0,"parent":0,"menu_order":0,"comment_status":"closed","ping_status":"closed","template":"","meta":{"footnotes":""},"class_list":["post-157","page","type-page","status-publish","hentry"],"_links":{"self":[{"href":"https:\/\/pablotejedazafra.com\/en\/wp-json\/wp\/v2\/pages\/157","targetHints":{"allow":["GET"]}}],"collection":[{"href":"https:\/\/pablotejedazafra.com\/en\/wp-json\/wp\/v2\/pages"}],"about":[{"href":"https:\/\/pablotejedazafra.com\/en\/wp-json\/wp\/v2\/types\/page"}],"author":[{"embeddable":true,"href":"https:\/\/pablotejedazafra.com\/en\/wp-json\/wp\/v2\/users\/1"}],"replies":[{"embeddable":true,"href":"https:\/\/pablotejedazafra.com\/en\/wp-json\/wp\/v2\/comments?post=157"}],"version-history":[{"count":0,"href":"https:\/\/pablotejedazafra.com\/en\/wp-json\/wp\/v2\/pages\/157\/revisions"}],"wp:attachment":[{"href":"https:\/\/pablotejedazafra.com\/en\/wp-json\/wp\/v2\/media?parent=157"}],"curies":[{"name":"wp","href":"https:\/\/api.w.org\/{rel}","templated":true}]}}